{"id":636,"date":"2024-09-23T17:34:23","date_gmt":"2024-09-23T15:34:23","guid":{"rendered":"https:\/\/devils-bsp.fr\/?page_id=636"},"modified":"2025-04-16T11:07:39","modified_gmt":"2025-04-16T09:07:39","slug":"inscription","status":"publish","type":"page","link":"https:\/\/devils-bsp.fr\/?page_id=636","title":{"rendered":"Inscription"},"content":{"rendered":"\t\t<div data-elementor-type=\"wp-page\" data-elementor-id=\"636\" class=\"elementor elementor-636\" data-elementor-post-type=\"page\">\n\t\t\t\t<div class=\"elementor-element elementor-element-8874378 e-flex e-con-boxed e-con e-parent\" data-id=\"8874378\" data-element_type=\"container\">\n\t\t\t\t\t<div class=\"e-con-inner\">\n\t\t<div class=\"elementor-element elementor-element-27cf1fe e-con-full e-flex e-con e-child\" data-id=\"27cf1fe\" data-element_type=\"container\">\n\t\t\t\t<div class=\"elementor-element elementor-element-221702c elementor-widget__width-initial de_scroll_animation_no elementor-widget elementor-widget-image\" data-id=\"221702c\" data-element_type=\"widget\" data-widget_type=\"image.default\">\n\t\t\t\t<div class=\"elementor-widget-container\">\n\t\t\t<style>\/*! elementor - v3.22.0 - 26-06-2024 *\/\n.elementor-widget-image{text-align:center}.elementor-widget-image a{display:inline-block}.elementor-widget-image a img[src$=\".svg\"]{width:48px}.elementor-widget-image img{vertical-align:middle;display:inline-block}<\/style>\t\t\t\t\t\t\t\t\t\t<img fetchpriority=\"high\" decoding=\"async\" width=\"800\" height=\"531\" src=\"https:\/\/devils-bsp.fr\/wp-content\/uploads\/2024\/07\/e734748c51.jpg\" class=\"attachment-large size-large wp-image-402\" alt=\"\" srcset=\"https:\/\/devils-bsp.fr\/wp-content\/uploads\/2024\/07\/e734748c51.jpg 1000w, https:\/\/devils-bsp.fr\/wp-content\/uploads\/2024\/07\/e734748c51-300x199.jpg 300w, https:\/\/devils-bsp.fr\/wp-content\/uploads\/2024\/07\/e734748c51-768x510.jpg 768w\" sizes=\"(max-width: 800px) 100vw, 800px\" \/>\t\t\t\t\t\t\t\t\t\t\t\t\t<\/div>\n\t\t\t\t<\/div>\n\t\t\t\t<\/div>\n\t\t<div class=\"elementor-element elementor-element-e850055 e-con-full e-flex e-con e-child\" data-id=\"e850055\" data-element_type=\"container\">\n\t\t<div class=\"elementor-element elementor-element-badb50e e-con-full e-flex e-con e-child\" data-id=\"badb50e\" data-element_type=\"container\">\n\t\t\t\t<div class=\"elementor-element elementor-element-6d4fd9c de_scroll_animation_no elementor-widget elementor-widget-text-editor\" data-id=\"6d4fd9c\" data-element_type=\"widget\" data-widget_type=\"text-editor.default\">\n\t\t\t\t<div class=\"elementor-widget-container\">\n\t\t\t<style>\/*! elementor - v3.22.0 - 26-06-2024 *\/\n.elementor-widget-text-editor.elementor-drop-cap-view-stacked .elementor-drop-cap{background-color:#69727d;color:#fff}.elementor-widget-text-editor.elementor-drop-cap-view-framed .elementor-drop-cap{color:#69727d;border:3px solid;background-color:transparent}.elementor-widget-text-editor:not(.elementor-drop-cap-view-default) .elementor-drop-cap{margin-top:8px}.elementor-widget-text-editor:not(.elementor-drop-cap-view-default) .elementor-drop-cap-letter{width:1em;height:1em}.elementor-widget-text-editor .elementor-drop-cap{float:left;text-align:center;line-height:1;font-size:50px}.elementor-widget-text-editor .elementor-drop-cap-letter{display:inline-block}<\/style>\t\t\t\t<h4><strong>Informations tarif<\/strong><\/h4><p>En cas d&rsquo;inscriptions multiples dans une m\u00eame famille, une r\u00e9duction est appliqu\u00e9e sur le montant total \u00e0 r\u00e9gler :<\/p><p>&#8211; 20 \u20ac pour 2 personnes inscrites<br \/>&#8211; 30 \u20ac pour 3 personnes inscrites<br \/>&#8211; 40 \u20ac pour 4 personnes<\/p><p>inscrites R\u00e9ductions possibles avec les dispositifs <strong>Pass&rsquo;sport<\/strong> (50 \u20ac) et <strong>Pass&rsquo;r\u00e9gion<\/strong> (30 \u20ac) apr\u00e8s fourniture des \u00e9l\u00e9ments n\u00e9cessaires.<\/p><p>Merci de transmettre les informations \u00e0 Sylviane Garcia au 06 82 31 50 66<\/p>\t\t\t\t\t\t<\/div>\n\t\t\t\t<\/div>\n\t\t\t\t<\/div>\n\t\t<div class=\"elementor-element elementor-element-9a638d1 e-con-full e-flex e-con e-child\" data-id=\"9a638d1\" data-element_type=\"container\">\n\t\t\t\t<div class=\"elementor-element elementor-element-536e141 elementor-align-center de_scroll_animation_no elementor-widget elementor-widget-button\" data-id=\"536e141\" data-element_type=\"widget\" data-widget_type=\"button.default\">\n\t\t\t\t<div class=\"elementor-widget-container\">\n\t\t\t\t\t<div class=\"elementor-button-wrapper\">\n\t\t\t<a class=\"elementor-button elementor-button-link elementor-size-sm\" href=\"https:\/\/www.helloasso.com\/associations\/baseball-softball-club-bron-saint-priest\/adhesions\/adhesion-2025-saison-2025\">\n\t\t\t\t\t\t<span class=\"elementor-button-content-wrapper\">\n\t\t\t\t\t\t\t\t\t<span class=\"elementor-button-text\">Inscrivez-vous<\/span>\n\t\t\t\t\t<\/span>\n\t\t\t\t\t<\/a>\n\t\t<\/div>\n\t\t\t\t<\/div>\n\t\t\t\t<\/div>\n\t\t\t\t<\/div>\n\t\t\t\t<\/div>\n\t\t\t\t\t<\/div>\n\t\t\t\t<\/div>\n\t\t<div class=\"elementor-element elementor-element-f0a0ff4 e-flex e-con-boxed e-con e-parent\" data-id=\"f0a0ff4\" data-element_type=\"container\">\n\t\t\t\t\t<div class=\"e-con-inner\">\n\t\t\t\t<div class=\"elementor-element elementor-element-8845e02 de_scroll_animation_no elementor-widget elementor-widget-heading\" data-id=\"8845e02\" data-element_type=\"widget\" data-widget_type=\"heading.default\">\n\t\t\t\t<div class=\"elementor-widget-container\">\n\t\t\t<style>\/*! elementor - v3.22.0 - 26-06-2024 *\/\n.elementor-heading-title{padding:0;margin:0;line-height:1}.elementor-widget-heading .elementor-heading-title[class*=elementor-size-]>a{color:inherit;font-size:inherit;line-height:inherit}.elementor-widget-heading .elementor-heading-title.elementor-size-small{font-size:15px}.elementor-widget-heading .elementor-heading-title.elementor-size-medium{font-size:19px}.elementor-widget-heading .elementor-heading-title.elementor-size-large{font-size:29px}.elementor-widget-heading .elementor-heading-title.elementor-size-xl{font-size:39px}.elementor-widget-heading .elementor-heading-title.elementor-size-xxl{font-size:59px}<\/style><h2 class=\"elementor-heading-title elementor-size-default\">Questionnaire de sant\u00e9 :<\/h2>\t\t<\/div>\n\t\t\t\t<\/div>\n\t\t\t\t\t<\/div>\n\t\t\t\t<\/div>\n\t\t<div class=\"elementor-element elementor-element-060753e e-flex e-con-boxed e-con e-parent\" data-id=\"060753e\" data-element_type=\"container\">\n\t\t\t\t\t<div class=\"e-con-inner\">\n\t\t\t\t<div class=\"elementor-element elementor-element-edea3c7 elementor-align-left de_scroll_animation_no elementor-widget elementor-widget-button\" data-id=\"edea3c7\" data-element_type=\"widget\" data-widget_type=\"button.default\">\n\t\t\t\t<div class=\"elementor-widget-container\">\n\t\t\t\t\t<div class=\"elementor-button-wrapper\">\n\t\t\t<a class=\"elementor-button elementor-button-link elementor-size-sm\" href=\"https:\/\/devils-bsp.fr\/wp-content\/uploads\/2024\/09\/CERFA-Devils-BSP.pdf\">\n\t\t\t\t\t\t<span class=\"elementor-button-content-wrapper\">\n\t\t\t\t\t\t\t\t\t<span class=\"elementor-button-text\">QS-SPORT (Cerfa n\u00b015699*01)<\/span>\n\t\t\t\t\t<\/span>\n\t\t\t\t\t<\/a>\n\t\t<\/div>\n\t\t\t\t<\/div>\n\t\t\t\t<\/div>\n\t\t\t\t\t<\/div>\n\t\t\t\t<\/div>\n\t\t\t\t<\/div>\n\t\t","protected":false},"excerpt":{"rendered":"<p>Informations tarif En cas d&rsquo;inscriptions multiples dans une m\u00eame famille, une r\u00e9duction est appliqu\u00e9e sur le montant total \u00e0 r\u00e9gler : &#8211; 20 \u20ac pour 2 personnes inscrites&#8211; 30 \u20ac pour 3 personnes inscrites&#8211; 40 \u20ac pour 4 personnes inscrites R\u00e9ductions possibles avec les dispositifs Pass&rsquo;sport (50 \u20ac) et Pass&rsquo;r\u00e9gion (30 \u20ac) apr\u00e8s fourniture des [&hellip;]<\/p>\n","protected":false},"author":1,"featured_media":0,"parent":0,"menu_order":0,"comment_status":"closed","ping_status":"closed","template":"","meta":{"footnotes":""},"class_list":["post-636","page","type-page","status-publish","hentry"],"yoast_head":"<!-- This site is optimized with the Yoast SEO plugin v23.1 - https:\/\/yoast.com\/wordpress\/plugins\/seo\/ -->\n<title>Inscription - ASUL - BASEBALL<\/title>\n<meta name=\"robots\" content=\"index, follow, max-snippet:-1, max-image-preview:large, max-video-preview:-1\" \/>\n<link rel=\"canonical\" href=\"https:\/\/devils-bsp.fr\/?page_id=636\" \/>\n<meta property=\"og:locale\" content=\"fr_FR\" \/>\n<meta property=\"og:type\" content=\"article\" \/>\n<meta property=\"og:title\" content=\"Inscription - ASUL - BASEBALL\" \/>\n<meta property=\"og:description\" content=\"Informations tarif En cas d&rsquo;inscriptions multiples dans une m\u00eame famille, une r\u00e9duction est appliqu\u00e9e sur le montant total \u00e0 r\u00e9gler : &#8211; 20 \u20ac pour 2 personnes inscrites&#8211; 30 \u20ac pour 3 personnes inscrites&#8211; 40 \u20ac pour 4 personnes inscrites R\u00e9ductions possibles avec les dispositifs Pass&rsquo;sport (50 \u20ac) et Pass&rsquo;r\u00e9gion (30 \u20ac) apr\u00e8s fourniture des [&hellip;]\" \/>\n<meta property=\"og:url\" content=\"https:\/\/devils-bsp.fr\/?page_id=636\" \/>\n<meta property=\"og:site_name\" content=\"ASUL - BASEBALL\" \/>\n<meta property=\"article:modified_time\" content=\"2025-04-16T09:07:39+00:00\" \/>\n<meta property=\"og:image\" content=\"https:\/\/devils-bsp.fr\/wp-content\/uploads\/2024\/07\/e734748c51.jpg\" \/>\n<meta name=\"twitter:card\" content=\"summary_large_image\" \/>\n<meta name=\"twitter:label1\" content=\"Dur\u00e9e de lecture estim\u00e9e\" \/>\n\t<meta name=\"twitter:data1\" content=\"1 minute\" \/>\n<script type=\"application\/ld+json\" class=\"yoast-schema-graph\">{\"@context\":\"https:\/\/schema.org\",\"@graph\":[{\"@type\":\"WebPage\",\"@id\":\"https:\/\/devils-bsp.fr\/?page_id=636\",\"url\":\"https:\/\/devils-bsp.fr\/?page_id=636\",\"name\":\"Inscription - ASUL - BASEBALL\",\"isPartOf\":{\"@id\":\"https:\/\/devils-bsp.fr\/#website\"},\"primaryImageOfPage\":{\"@id\":\"https:\/\/devils-bsp.fr\/?page_id=636#primaryimage\"},\"image\":{\"@id\":\"https:\/\/devils-bsp.fr\/?page_id=636#primaryimage\"},\"thumbnailUrl\":\"https:\/\/devils-bsp.fr\/wp-content\/uploads\/2024\/07\/e734748c51.jpg\",\"datePublished\":\"2024-09-23T15:34:23+00:00\",\"dateModified\":\"2025-04-16T09:07:39+00:00\",\"breadcrumb\":{\"@id\":\"https:\/\/devils-bsp.fr\/?page_id=636#breadcrumb\"},\"inLanguage\":\"fr-FR\",\"potentialAction\":[{\"@type\":\"ReadAction\",\"target\":[\"https:\/\/devils-bsp.fr\/?page_id=636\"]}]},{\"@type\":\"ImageObject\",\"inLanguage\":\"fr-FR\",\"@id\":\"https:\/\/devils-bsp.fr\/?page_id=636#primaryimage\",\"url\":\"https:\/\/devils-bsp.fr\/wp-content\/uploads\/2024\/07\/e734748c51.jpg\",\"contentUrl\":\"https:\/\/devils-bsp.fr\/wp-content\/uploads\/2024\/07\/e734748c51.jpg\",\"width\":1000,\"height\":664},{\"@type\":\"BreadcrumbList\",\"@id\":\"https:\/\/devils-bsp.fr\/?page_id=636#breadcrumb\",\"itemListElement\":[{\"@type\":\"ListItem\",\"position\":1,\"name\":\"Accueil\",\"item\":\"https:\/\/devils-bsp.fr\/\"},{\"@type\":\"ListItem\",\"position\":2,\"name\":\"Inscription\"}]},{\"@type\":\"WebSite\",\"@id\":\"https:\/\/devils-bsp.fr\/#website\",\"url\":\"https:\/\/devils-bsp.fr\/\",\"name\":\"ASUL - BASEBALL\",\"description\":\"Le baseball est un sport collectif de batte.\",\"publisher\":{\"@id\":\"https:\/\/devils-bsp.fr\/#organization\"},\"potentialAction\":[{\"@type\":\"SearchAction\",\"target\":{\"@type\":\"EntryPoint\",\"urlTemplate\":\"https:\/\/devils-bsp.fr\/?s={search_term_string}\"},\"query-input\":\"required name=search_term_string\"}],\"inLanguage\":\"fr-FR\"},{\"@type\":\"Organization\",\"@id\":\"https:\/\/devils-bsp.fr\/#organization\",\"name\":\"ASUL - BASEBALL\",\"url\":\"https:\/\/devils-bsp.fr\/\",\"logo\":{\"@type\":\"ImageObject\",\"inLanguage\":\"fr-FR\",\"@id\":\"https:\/\/devils-bsp.fr\/#\/schema\/logo\/image\/\",\"url\":\"https:\/\/devils-bsp.fr\/wp-content\/uploads\/2024\/07\/logo_quadri_devils_ASUL-V2-1.png\",\"contentUrl\":\"https:\/\/devils-bsp.fr\/wp-content\/uploads\/2024\/07\/logo_quadri_devils_ASUL-V2-1.png\",\"width\":917,\"height\":1086,\"caption\":\"ASUL - BASEBALL\"},\"image\":{\"@id\":\"https:\/\/devils-bsp.fr\/#\/schema\/logo\/image\/\"}}]}<\/script>\n<!-- \/ Yoast SEO plugin. -->","yoast_head_json":{"title":"Inscription - ASUL - BASEBALL","robots":{"index":"index","follow":"follow","max-snippet":"max-snippet:-1","max-image-preview":"max-image-preview:large","max-video-preview":"max-video-preview:-1"},"canonical":"https:\/\/devils-bsp.fr\/?page_id=636","og_locale":"fr_FR","og_type":"article","og_title":"Inscription - ASUL - BASEBALL","og_description":"Informations tarif En cas d&rsquo;inscriptions multiples dans une m\u00eame famille, une r\u00e9duction est appliqu\u00e9e sur le montant total \u00e0 r\u00e9gler : &#8211; 20 \u20ac pour 2 personnes inscrites&#8211; 30 \u20ac pour 3 personnes inscrites&#8211; 40 \u20ac pour 4 personnes inscrites R\u00e9ductions possibles avec les dispositifs Pass&rsquo;sport (50 \u20ac) et Pass&rsquo;r\u00e9gion (30 \u20ac) apr\u00e8s fourniture des [&hellip;]","og_url":"https:\/\/devils-bsp.fr\/?page_id=636","og_site_name":"ASUL - BASEBALL","article_modified_time":"2025-04-16T09:07:39+00:00","og_image":[{"url":"https:\/\/devils-bsp.fr\/wp-content\/uploads\/2024\/07\/e734748c51.jpg"}],"twitter_card":"summary_large_image","twitter_misc":{"Dur\u00e9e de lecture estim\u00e9e":"1 minute"},"schema":{"@context":"https:\/\/schema.org","@graph":[{"@type":"WebPage","@id":"https:\/\/devils-bsp.fr\/?page_id=636","url":"https:\/\/devils-bsp.fr\/?page_id=636","name":"Inscription - ASUL - BASEBALL","isPartOf":{"@id":"https:\/\/devils-bsp.fr\/#website"},"primaryImageOfPage":{"@id":"https:\/\/devils-bsp.fr\/?page_id=636#primaryimage"},"image":{"@id":"https:\/\/devils-bsp.fr\/?page_id=636#primaryimage"},"thumbnailUrl":"https:\/\/devils-bsp.fr\/wp-content\/uploads\/2024\/07\/e734748c51.jpg","datePublished":"2024-09-23T15:34:23+00:00","dateModified":"2025-04-16T09:07:39+00:00","breadcrumb":{"@id":"https:\/\/devils-bsp.fr\/?page_id=636#breadcrumb"},"inLanguage":"fr-FR","potentialAction":[{"@type":"ReadAction","target":["https:\/\/devils-bsp.fr\/?page_id=636"]}]},{"@type":"ImageObject","inLanguage":"fr-FR","@id":"https:\/\/devils-bsp.fr\/?page_id=636#primaryimage","url":"https:\/\/devils-bsp.fr\/wp-content\/uploads\/2024\/07\/e734748c51.jpg","contentUrl":"https:\/\/devils-bsp.fr\/wp-content\/uploads\/2024\/07\/e734748c51.jpg","width":1000,"height":664},{"@type":"BreadcrumbList","@id":"https:\/\/devils-bsp.fr\/?page_id=636#breadcrumb","itemListElement":[{"@type":"ListItem","position":1,"name":"Accueil","item":"https:\/\/devils-bsp.fr\/"},{"@type":"ListItem","position":2,"name":"Inscription"}]},{"@type":"WebSite","@id":"https:\/\/devils-bsp.fr\/#website","url":"https:\/\/devils-bsp.fr\/","name":"ASUL - BASEBALL","description":"Le baseball est un sport collectif de batte.","publisher":{"@id":"https:\/\/devils-bsp.fr\/#organization"},"potentialAction":[{"@type":"SearchAction","target":{"@type":"EntryPoint","urlTemplate":"https:\/\/devils-bsp.fr\/?s={search_term_string}"},"query-input":"required name=search_term_string"}],"inLanguage":"fr-FR"},{"@type":"Organization","@id":"https:\/\/devils-bsp.fr\/#organization","name":"ASUL - BASEBALL","url":"https:\/\/devils-bsp.fr\/","logo":{"@type":"ImageObject","inLanguage":"fr-FR","@id":"https:\/\/devils-bsp.fr\/#\/schema\/logo\/image\/","url":"https:\/\/devils-bsp.fr\/wp-content\/uploads\/2024\/07\/logo_quadri_devils_ASUL-V2-1.png","contentUrl":"https:\/\/devils-bsp.fr\/wp-content\/uploads\/2024\/07\/logo_quadri_devils_ASUL-V2-1.png","width":917,"height":1086,"caption":"ASUL - BASEBALL"},"image":{"@id":"https:\/\/devils-bsp.fr\/#\/schema\/logo\/image\/"}}]}},"jetpack_sharing_enabled":true,"_links":{"self":[{"href":"https:\/\/devils-bsp.fr\/index.php?rest_route=\/wp\/v2\/pages\/636","targetHints":{"allow":["GET"]}}],"collection":[{"href":"https:\/\/devils-bsp.fr\/index.php?rest_route=\/wp\/v2\/pages"}],"about":[{"href":"https:\/\/devils-bsp.fr\/index.php?rest_route=\/wp\/v2\/types\/page"}],"author":[{"embeddable":true,"href":"https:\/\/devils-bsp.fr\/index.php?rest_route=\/wp\/v2\/users\/1"}],"replies":[{"embeddable":true,"href":"https:\/\/devils-bsp.fr\/index.php?rest_route=%2Fwp%2Fv2%2Fcomments&post=636"}],"version-history":[{"count":13,"href":"https:\/\/devils-bsp.fr\/index.php?rest_route=\/wp\/v2\/pages\/636\/revisions"}],"predecessor-version":[{"id":662,"href":"https:\/\/devils-bsp.fr\/index.php?rest_route=\/wp\/v2\/pages\/636\/revisions\/662"}],"wp:attachment":[{"href":"https:\/\/devils-bsp.fr\/index.php?rest_route=%2Fwp%2Fv2%2Fmedia&parent=636"}],"curies":[{"name":"wp","href":"https:\/\/api.w.org\/{rel}","templated":true}]}}